{"id":1885,"date":"2021-08-12T17:05:47","date_gmt":"2021-08-12T15:05:47","guid":{"rendered":"https:\/\/kurieuze.net\/actualites\/"},"modified":"2021-08-12T17:05:47","modified_gmt":"2021-08-12T15:05:47","slug":"actualites","status":"publish","type":"page","link":"https:\/\/kurieuze.net\/en\/actualites\/","title":{"rendered":"Actualit\u00e9s"},"content":{"rendered":"\n<h2 class=\"wp-block-heading\"><strong class=\"\">Echapp\u00e9e Vieille \u00e0 Panique au Parc (Off du Festival de Th\u00e9\u00e2tres de Marionnettes de Charleville)<\/strong><\/h2>\n\n\n\n<p><strong class=\"\">du 18 au 22 septembre \u00e0 17H45<\/strong><\/p>\n","protected":false},"excerpt":{"rendered":"<p>Echapp\u00e9e Vieille \u00e0 Panique au Parc (Off du Festival de Th\u00e9\u00e2tres de Marionnettes de Charleville) du 18 au 22 septembre \u00e0 17H45<\/p>\n","protected":false},"author":1,"featured_media":0,"parent":0,"menu_order":0,"comment_status":"closed","ping_status":"closed","template":"","meta":{"_acf_changed":false,"footnotes":""},"class_list":["post-1885","page","type-page","status-publish","hentry"],"acf":[],"_links":{"self":[{"href":"https:\/\/kurieuze.net\/en\/wp-json\/wp\/v2\/pages\/1885","targetHints":{"allow":["GET"]}}],"collection":[{"href":"https:\/\/kurieuze.net\/en\/wp-json\/wp\/v2\/pages"}],"about":[{"href":"https:\/\/kurieuze.net\/en\/wp-json\/wp\/v2\/types\/page"}],"author":[{"embeddable":true,"href":"https:\/\/kurieuze.net\/en\/wp-json\/wp\/v2\/users\/1"}],"replies":[{"embeddable":true,"href":"https:\/\/kurieuze.net\/en\/wp-json\/wp\/v2\/comments?post=1885"}],"version-history":[{"count":0,"href":"https:\/\/kurieuze.net\/en\/wp-json\/wp\/v2\/pages\/1885\/revisions"}],"wp:attachment":[{"href":"https:\/\/kurieuze.net\/en\/wp-json\/wp\/v2\/media?parent=1885"}],"curies":[{"name":"wp","href":"https:\/\/api.w.org\/{rel}","templated":true}]}}