{"id":1887,"date":"2012-05-15T16:41:14","date_gmt":"2012-05-15T14:41:14","guid":{"rendered":"https:\/\/kurieuze.net\/qui\/"},"modified":"2024-04-24T12:53:56","modified_gmt":"2024-04-24T10:53:56","slug":"qui","status":"publish","type":"page","link":"https:\/\/kurieuze.net\/en\/qui\/","title":{"rendered":"Who?"},"content":{"rendered":"\n<p>I began by studying political science, then branched off into theatre by studying at the Institut d&#8217;Etudes Th\u00e9\u00e2trales de l&#8217;Universit\u00e9 Paris III and at the Jacques Lecoq school.<\/p>\n\n\n\n<p>I then had a short stint as an actress, and for 5 years I ran a website dedicated to shows for young audiences.<\/p>\n\n\n\n<p>I&#8217;ve been helping to promote and produce shows since 2004.<\/p>\n\n\n\n<p>I really like the definition of our profession given by a German colleague, Gert Engel, who describes himself as an \u2018enthusiaster\u2019, and I can relate to that.<\/p>\n\n\n\n<p>My-Linh BUI<\/p>\n","protected":false},"excerpt":{"rendered":"<p>I began by studying political science, then branched off into theatre by studying at the Institut d&#8217;Etudes Th\u00e9\u00e2trales de l&#8217;Universit\u00e9 Paris III and at the Jacques Lecoq school. I then had a short stint as an actress, and for 5 years I ran a website dedicated to shows for young audiences. I&#8217;ve been helping to [&hellip;]<\/p>\n","protected":false},"author":1,"featured_media":1565,"parent":0,"menu_order":0,"comment_status":"closed","ping_status":"closed","template":"","meta":{"_acf_changed":false,"footnotes":""},"class_list":["post-1887","page","type-page","status-publish","has-post-thumbnail","hentry"],"acf":[],"_links":{"self":[{"href":"https:\/\/kurieuze.net\/en\/wp-json\/wp\/v2\/pages\/1887","targetHints":{"allow":["GET"]}}],"collection":[{"href":"https:\/\/kurieuze.net\/en\/wp-json\/wp\/v2\/pages"}],"about":[{"href":"https:\/\/kurieuze.net\/en\/wp-json\/wp\/v2\/types\/page"}],"author":[{"embeddable":true,"href":"https:\/\/kurieuze.net\/en\/wp-json\/wp\/v2\/users\/1"}],"replies":[{"embeddable":true,"href":"https:\/\/kurieuze.net\/en\/wp-json\/wp\/v2\/comments?post=1887"}],"version-history":[{"count":3,"href":"https:\/\/kurieuze.net\/en\/wp-json\/wp\/v2\/pages\/1887\/revisions"}],"predecessor-version":[{"id":2142,"href":"https:\/\/kurieuze.net\/en\/wp-json\/wp\/v2\/pages\/1887\/revisions\/2142"}],"wp:featuredmedia":[{"embeddable":true,"href":"https:\/\/kurieuze.net\/en\/wp-json\/wp\/v2\/media\/1565"}],"wp:attachment":[{"href":"https:\/\/kurieuze.net\/en\/wp-json\/wp\/v2\/media?parent=1887"}],"curies":[{"name":"wp","href":"https:\/\/api.w.org\/{rel}","templated":true}]}}